{"id":834,"date":"2021-11-24T14:51:40","date_gmt":"2021-11-24T14:51:40","guid":{"rendered":"https:\/\/style-project.eu\/?page_id=834"},"modified":"2021-11-26T15:40:24","modified_gmt":"2021-11-26T15:40:24","slug":"media-gallery","status":"publish","type":"page","link":"https:\/\/style-project.eu\/index.php\/media-gallery\/","title":{"rendered":"Media Gallery"},"content":{"rendered":"\t\t<div data-elementor-type=\"wp-page\" data-elementor-id=\"834\" class=\"elementor elementor-834\">\n\t\t\t\t\t\t<section class=\"elementor-section elementor-top-section elementor-element elementor-element-d4bxqvp elementor-section-boxed elementor-section-height-default elementor-section-height-default\" data-id=\"d4bxqvp\" data-element_type=\"section\" data-settings=\"{&quot;background_background&quot;:&quot;video&quot;,&quot;background_video_link&quot;:&quot;http:\\\/\\\/style-project.eu\\\/wp-content\\\/uploads\\\/2021\\\/11\\\/2233795319.mp4&quot;}\">\n\t\t\t\t\t\t\t\t<div class=\"elementor-background-video-container elementor-hidden-mobile\">\n\t\t\t\t\t\t\t\t\t\t\t\t\t<video class=\"elementor-background-video-hosted\" autoplay muted playsinline loop><\/video>\n\t\t\t\t\t\t\t\t\t\t\t<\/div>\n\t\t\t\t\t\t\t\t<div class=\"elementor-container elementor-column-gap-no\">\n\t\t\t\t\t<div class=\"elementor-column elementor-col-100 elementor-top-column elementor-element elementor-element-4fed6c40\" data-id=\"4fed6c40\" data-element_type=\"column\">\n\t\t\t<div class=\"elementor-widget-wrap elementor-element-populated\">\n\t\t\t\t\t\t<div class=\"elementor-element elementor-element-47ebe55 elementor-widget elementor-widget-heading\" data-id=\"47ebe55\" data-element_type=\"widget\" data-widget_type=\"heading.default\">\n\t\t\t\t<div class=\"elementor-widget-container\">\n\t\t\t\t\t<h1 class=\"elementor-heading-title elementor-size-default\">Media Gallery<\/h1>\t\t\t\t<\/div>\n\t\t\t\t<\/div>\n\t\t\t\t\t<\/div>\n\t\t<\/div>\n\t\t\t\t\t<\/div>\n\t\t<\/section>\n\t\t\t\t<section class=\"elementor-section elementor-top-section elementor-element elementor-element-5015e75 elementor-section-boxed elementor-section-height-default elementor-section-height-default\" data-id=\"5015e75\" data-element_type=\"section\">\n\t\t\t\t\t\t<div class=\"elementor-container elementor-column-gap-default\">\n\t\t\t\t\t<div class=\"elementor-column elementor-col-100 elementor-top-column elementor-element elementor-element-560cae8\" data-id=\"560cae8\" data-element_type=\"column\">\n\t\t\t<div class=\"elementor-widget-wrap elementor-element-populated\">\n\t\t\t\t\t\t<div class=\"elementor-element elementor-element-0dd8771 elementor-widget elementor-widget-spacer\" data-id=\"0dd8771\" data-element_type=\"widget\" data-widget_type=\"spacer.default\">\n\t\t\t\t<div class=\"elementor-widget-container\">\n\t\t\t\t\t\t\t<div class=\"elementor-spacer\">\n\t\t\t<div class=\"elementor-spacer-inner\"><\/div>\n\t\t<\/div>\n\t\t\t\t\t\t<\/div>\n\t\t\t\t<\/div>\n\t\t\t\t\t<\/div>\n\t\t<\/div>\n\t\t\t\t\t<\/div>\n\t\t<\/section>\n\t\t\t\t<section class=\"elementor-section elementor-top-section elementor-element elementor-element-2a4583d elementor-section-boxed elementor-section-height-default elementor-section-height-default\" data-id=\"2a4583d\" data-element_type=\"section\">\n\t\t\t\t\t\t<div class=\"elementor-container elementor-column-gap-default\">\n\t\t\t\t\t<div class=\"elementor-column elementor-col-100 elementor-top-column elementor-element elementor-element-03cfd57\" data-id=\"03cfd57\" data-element_type=\"column\">\n\t\t\t<div class=\"elementor-widget-wrap elementor-element-populated\">\n\t\t\t\t\t\t<div class=\"elementor-element elementor-element-421356d elementor-widget elementor-widget-text-editor\" data-id=\"421356d\" data-element_type=\"widget\" data-widget_type=\"text-editor.default\">\n\t\t\t\t<div class=\"elementor-widget-container\">\n\t\t\t\t\t\t\t\t\t<div class=\"kvgmc6g5 cxmmr5t8 oygrvhab hcukyx3x c1et5uql ii04i59q\"><div dir=\"auto\"><a class=\"oajrlxb2 g5ia77u1 qu0x051f esr5mh6w e9989ue4 r7d6kgcz rq0escxv nhd2j8a9 nc684nl6 p7hjln8o kvgmc6g5 cxmmr5t8 oygrvhab hcukyx3x jb3vyjys rz4wbd8a qt6c0cv9 a8nywdso i1ao9s8h esuyzwwr f1sip0of lzcic4wl q66pz984 gpro0wi8 b1v8xokw\" tabindex=\"0\" role=\"link\" href=\"https:\/\/www.facebook.com\/STYLE-Sport-Tradition-Youth-Linked-Elderly-107672665080556\/?__cft__[0]=AZX_kWo8tKaZKkMUKduh6aUyP0zk8Rvh-9Mt8_NXBa6dkL4RE0TzqpX7rb6KQjkn-ESMXI_mYAB7Wuml0KMAawPJi27eEftkuUI59h0UOm9FB_Jb-2zpIbm9ZCt17HTvPzZDAWT9PTgL0xI_ceRSnOr2&amp;__tn__=kK-R\"><span class=\"nc684nl6\">STYLE &#8211; Sport Tradition Youth Linked Elderly<\/span><\/a> Erasmus+ Sport project &#8216;s Kick-off Meeting in Bucharest, Romania <span class=\"pq6dq46d tbxw36s4 knj5qynh kvgmc6g5 ditlmg2l oygrvhab nvdbi5me sf5mxxl7 gl3lb2sf hhz5lgdu\"><img decoding=\"async\" src=\"https:\/\/static.xx.fbcdn.net\/images\/emoji.php\/v9\/tac\/2\/16\/1f1f9_1f1e9.png\" alt=\"\ud83c\uddf9\ud83c\udde9\" width=\"16\" height=\"16\" \/><\/span> to discuss and work on the progress of the project&#8217;s activities.<\/div><\/div><div class=\"o9v6fnle cxmmr5t8 oygrvhab hcukyx3x c1et5uql ii04i59q\"><div dir=\"auto\"><span class=\"pq6dq46d tbxw36s4 knj5qynh kvgmc6g5 ditlmg2l oygrvhab nvdbi5me sf5mxxl7 gl3lb2sf hhz5lgdu\"><img decoding=\"async\" src=\"https:\/\/static.xx.fbcdn.net\/images\/emoji.php\/v9\/t3\/2\/16\/1f91d.png\" alt=\"\ud83e\udd1d\" width=\"16\" height=\"16\" \/><\/span>A big thank you to the Coordinator <a class=\"oajrlxb2 g5ia77u1 qu0x051f esr5mh6w e9989ue4 r7d6kgcz rq0escxv nhd2j8a9 nc684nl6 p7hjln8o kvgmc6g5 cxmmr5t8 oygrvhab hcukyx3x jb3vyjys rz4wbd8a qt6c0cv9 a8nywdso i1ao9s8h esuyzwwr f1sip0of lzcic4wl q66pz984 gpro0wi8 b1v8xokw\" tabindex=\"0\" role=\"link\" href=\"https:\/\/www.facebook.com\/Association-for-Social-Economy-and-Lifelong-Learning-ASEL-RO-109375197386449\/?__cft__[0]=AZX_kWo8tKaZKkMUKduh6aUyP0zk8Rvh-9Mt8_NXBa6dkL4RE0TzqpX7rb6KQjkn-ESMXI_mYAB7Wuml0KMAawPJi27eEftkuUI59h0UOm9FB_Jb-2zpIbm9ZCt17HTvPzZDAWT9PTgL0xI_ceRSnOr2&amp;__tn__=kK-R\"><span class=\"nc684nl6\">Association for Social Economy and Lifelong Learning &#8211; ASEL RO<\/span><\/a> for hosting this fruitful meeting!<\/div><\/div><div class=\"o9v6fnle cxmmr5t8 oygrvhab hcukyx3x c1et5uql ii04i59q\"><div dir=\"auto\">Stay tuned for further implementation steps <span class=\"pq6dq46d tbxw36s4 knj5qynh kvgmc6g5 ditlmg2l oygrvhab nvdbi5me sf5mxxl7 gl3lb2sf hhz5lgdu\"><img decoding=\"async\" src=\"https:\/\/static.xx.fbcdn.net\/images\/emoji.php\/v9\/tf8\/2\/16\/203c.png\" alt=\"\u203c\" width=\"16\" height=\"16\" \/><\/span><\/div><\/div><div class=\"o9v6fnle cxmmr5t8 oygrvhab hcukyx3x c1et5uql ii04i59q\"><div dir=\"auto\"><a class=\"oajrlxb2 g5ia77u1 qu0x051f esr5mh6w e9989ue4 r7d6kgcz rq0escxv nhd2j8a9 nc684nl6 p7hjln8o kvgmc6g5 cxmmr5t8 oygrvhab hcukyx3x jb3vyjys rz4wbd8a qt6c0cv9 a8nywdso i1ao9s8h esuyzwwr f1sip0of lzcic4wl q66pz984 gpro0wi8 b1v8xokw\" tabindex=\"0\" role=\"link\" href=\"https:\/\/www.facebook.com\/STYLE-Sport-Tradition-Youth-Linked-Elderly-107672665080556\/?__cft__[0]=AZX_kWo8tKaZKkMUKduh6aUyP0zk8Rvh-9Mt8_NXBa6dkL4RE0TzqpX7rb6KQjkn-ESMXI_mYAB7Wuml0KMAawPJi27eEftkuUI59h0UOm9FB_Jb-2zpIbm9ZCt17HTvPzZDAWT9PTgL0xI_ceRSnOr2&amp;__tn__=kK-R\"><span class=\"nc684nl6\">STYLE &#8211; Sport Tradition Youth Linked Elderly<\/span><\/a><\/div><div dir=\"auto\"><a class=\"oajrlxb2 g5ia77u1 qu0x051f esr5mh6w e9989ue4 r7d6kgcz rq0escxv nhd2j8a9 nc684nl6 p7hjln8o kvgmc6g5 cxmmr5t8 oygrvhab hcukyx3x jb3vyjys rz4wbd8a qt6c0cv9 a8nywdso i1ao9s8h esuyzwwr f1sip0of lzcic4wl q66pz984 gpro0wi8 b1v8xokw\" tabindex=\"0\" role=\"link\" href=\"https:\/\/www.facebook.com\/EUErasmusPlusProgramme\/?__cft__[0]=AZX_kWo8tKaZKkMUKduh6aUyP0zk8Rvh-9Mt8_NXBa6dkL4RE0TzqpX7rb6KQjkn-ESMXI_mYAB7Wuml0KMAawPJi27eEftkuUI59h0UOm9FB_Jb-2zpIbm9ZCt17HTvPzZDAWT9PTgL0xI_ceRSnOr2&amp;__tn__=kK-R\"><span class=\"nc684nl6\">Erasmus+<\/span><\/a><\/div><div dir=\"auto\"><a class=\"oajrlxb2 g5ia77u1 qu0x051f esr5mh6w e9989ue4 r7d6kgcz rq0escxv nhd2j8a9 nc684nl6 p7hjln8o kvgmc6g5 cxmmr5t8 oygrvhab hcukyx3x jb3vyjys rz4wbd8a qt6c0cv9 a8nywdso i1ao9s8h esuyzwwr f1sip0of lzcic4wl q66pz984 gpro0wi8 b1v8xokw\" tabindex=\"0\" role=\"link\" href=\"https:\/\/www.facebook.com\/Association-for-Social-Economy-and-Lifelong-Learning-ASEL-RO-109375197386449\/?__cft__[0]=AZX_kWo8tKaZKkMUKduh6aUyP0zk8Rvh-9Mt8_NXBa6dkL4RE0TzqpX7rb6KQjkn-ESMXI_mYAB7Wuml0KMAawPJi27eEftkuUI59h0UOm9FB_Jb-2zpIbm9ZCt17HTvPzZDAWT9PTgL0xI_ceRSnOr2&amp;__tn__=kK-R\"><span class=\"nc684nl6\">Association for Social Economy and Lifelong Learning &#8211; ASEL RO<\/span><\/a><\/div><div dir=\"auto\"><a class=\"oajrlxb2 g5ia77u1 qu0x051f esr5mh6w e9989ue4 r7d6kgcz rq0escxv nhd2j8a9 nc684nl6 p7hjln8o kvgmc6g5 cxmmr5t8 oygrvhab hcukyx3x jb3vyjys rz4wbd8a qt6c0cv9 a8nywdso i1ao9s8h esuyzwwr f1sip0of lzcic4wl q66pz984 gpro0wi8 b1v8xokw\" tabindex=\"0\" role=\"link\" href=\"https:\/\/www.facebook.com\/InstytutRozwojuSportuiEdukacji\/?__cft__[0]=AZX_kWo8tKaZKkMUKduh6aUyP0zk8Rvh-9Mt8_NXBa6dkL4RE0TzqpX7rb6KQjkn-ESMXI_mYAB7Wuml0KMAawPJi27eEftkuUI59h0UOm9FB_Jb-2zpIbm9ZCt17HTvPzZDAWT9PTgL0xI_ceRSnOr2&amp;__tn__=kK-R\"><span class=\"nc684nl6\">Instytut Rozwoju Sportu i Edukacji<\/span><\/a><\/div><div dir=\"auto\"><a class=\"oajrlxb2 g5ia77u1 qu0x051f esr5mh6w e9989ue4 r7d6kgcz rq0escxv nhd2j8a9 nc684nl6 p7hjln8o kvgmc6g5 cxmmr5t8 oygrvhab hcukyx3x jb3vyjys rz4wbd8a qt6c0cv9 a8nywdso i1ao9s8h esuyzwwr f1sip0of lzcic4wl q66pz984 gpro0wi8 b1v8xokw\" tabindex=\"0\" role=\"link\" href=\"https:\/\/www.facebook.com\/FiftyFifty.gr\/?__cft__[0]=AZX_kWo8tKaZKkMUKduh6aUyP0zk8Rvh-9Mt8_NXBa6dkL4RE0TzqpX7rb6KQjkn-ESMXI_mYAB7Wuml0KMAawPJi27eEftkuUI59h0UOm9FB_Jb-2zpIbm9ZCt17HTvPzZDAWT9PTgL0xI_ceRSnOr2&amp;__tn__=kK-R\"><span class=\"nc684nl6\">Social Innovation &amp; Cohesion Institute &#8211; Fifty Fifty<\/span><\/a><\/div><div dir=\"auto\"><a class=\"oajrlxb2 g5ia77u1 qu0x051f esr5mh6w e9989ue4 r7d6kgcz rq0escxv nhd2j8a9 nc684nl6 p7hjln8o kvgmc6g5 cxmmr5t8 oygrvhab hcukyx3x jb3vyjys rz4wbd8a qt6c0cv9 a8nywdso i1ao9s8h esuyzwwr f1sip0of lzcic4wl q66pz984 gpro0wi8 b1v8xokw\" tabindex=\"0\" role=\"link\" href=\"https:\/\/www.facebook.com\/sportzasvevojvodine\/?__cft__[0]=AZX_kWo8tKaZKkMUKduh6aUyP0zk8Rvh-9Mt8_NXBa6dkL4RE0TzqpX7rb6KQjkn-ESMXI_mYAB7Wuml0KMAawPJi27eEftkuUI59h0UOm9FB_Jb-2zpIbm9ZCt17HTvPzZDAWT9PTgL0xI_ceRSnOr2&amp;__tn__=kK-R\"><span class=\"nc684nl6\">Savez &#8220;Sport za sve&#8221; Vojvodine<\/span><\/a><\/div><div dir=\"auto\"><a class=\"oajrlxb2 g5ia77u1 qu0x051f esr5mh6w e9989ue4 r7d6kgcz rq0escxv nhd2j8a9 nc684nl6 p7hjln8o kvgmc6g5 cxmmr5t8 oygrvhab hcukyx3x jb3vyjys rz4wbd8a qt6c0cv9 a8nywdso i1ao9s8h esuyzwwr f1sip0of lzcic4wl q66pz984 gpro0wi8 b1v8xokw\" tabindex=\"0\" role=\"link\" href=\"https:\/\/www.facebook.com\/kiyidosk\/?__cft__[0]=AZX_kWo8tKaZKkMUKduh6aUyP0zk8Rvh-9Mt8_NXBa6dkL4RE0TzqpX7rb6KQjkn-ESMXI_mYAB7Wuml0KMAawPJi27eEftkuUI59h0UOm9FB_Jb-2zpIbm9ZCt17HTvPzZDAWT9PTgL0xI_ceRSnOr2&amp;__tn__=kK-R\"><span class=\"nc684nl6\">K\u0131y\u0131k\u00f6y Do\u011fa Sporlar\u0131 Kul\u00fcb\u00fc Derne\u011fi<\/span><\/a><\/div><\/div>\t\t\t\t\t\t\t\t<\/div>\n\t\t\t\t<\/div>\n\t\t\t\t\t<\/div>\n\t\t<\/div>\n\t\t\t\t\t<\/div>\n\t\t<\/section>\n\t\t\t\t<section class=\"elementor-section elementor-top-section elementor-element elementor-element-e06dc5a elementor-section-boxed elementor-section-height-default elementor-section-height-default\" data-id=\"e06dc5a\" data-element_type=\"section\">\n\t\t\t\t\t\t<div class=\"elementor-container elementor-column-gap-default\">\n\t\t\t\t\t<div class=\"elementor-column elementor-col-100 elementor-top-column elementor-element elementor-element-bcacf7d\" data-id=\"bcacf7d\" data-element_type=\"column\">\n\t\t\t<div class=\"elementor-widget-wrap elementor-element-populated\">\n\t\t\t\t\t\t<div class=\"elementor-element elementor-element-b5d5bee elementor-widget elementor-widget-spacer\" data-id=\"b5d5bee\" data-element_type=\"widget\" data-widget_type=\"spacer.default\">\n\t\t\t\t<div class=\"elementor-widget-container\">\n\t\t\t\t\t\t\t<div class=\"elementor-spacer\">\n\t\t\t<div class=\"elementor-spacer-inner\"><\/div>\n\t\t<\/div>\n\t\t\t\t\t\t<\/div>\n\t\t\t\t<\/div>\n\t\t\t\t\t<\/div>\n\t\t<\/div>\n\t\t\t\t\t<\/div>\n\t\t<\/section>\n\t\t\t\t<section class=\"elementor-section elementor-top-section elementor-element elementor-element-g2w3o5z elementor-section-full_width elementor-section-content-middle elementor-section-height-default elementor-section-height-default\" data-id=\"g2w3o5z\" data-element_type=\"section\">\n\t\t\t\t\t\t<div class=\"elementor-container elementor-column-gap-no\">\n\t\t\t\t\t<div class=\"elementor-column elementor-col-100 elementor-top-column elementor-element elementor-element-38e9a89a\" data-id=\"38e9a89a\" data-element_type=\"column\">\n\t\t\t<div class=\"elementor-widget-wrap elementor-element-populated\">\n\t\t\t\t\t\t<div class=\"elementor-element elementor-element-26c3e5d1 gallery-spacing-custom elementor-widget elementor-widget-image-gallery\" data-id=\"26c3e5d1\" data-element_type=\"widget\" data-widget_type=\"image-gallery.default\">\n\t\t\t\t<div class=\"elementor-widget-container\">\n\t\t\t\t\t\t\t<div class=\"elementor-image-gallery\">\n\t\t\t<div id='gallery-1' class='gallery galleryid-834 gallery-columns-3 gallery-size-medium'><figure class='gallery-item'>\n\t\t\t<div class='gallery-icon landscape'>\n\t\t\t\t<a data-elementor-open-lightbox=\"yes\" data-elementor-lightbox-slideshow=\"26c3e5d1\" data-elementor-lightbox-title=\"1\" data-e-action-hash=\"#elementor-action%3Aaction%3Dlightbox%26settings%3DeyJpZCI6ODk2LCJ1cmwiOiJodHRwczpcL1wvc3R5bGUtcHJvamVjdC5ldVwvd3AtY29udGVudFwvdXBsb2Fkc1wvMjAyMVwvMTFcLzEuanBlZyIsInNsaWRlc2hvdyI6IjI2YzNlNWQxIn0%3D\" href='https:\/\/style-project.eu\/wp-content\/uploads\/2021\/11\/1.jpeg'><img loading=\"lazy\" decoding=\"async\" width=\"300\" height=\"225\" src=\"https:\/\/style-project.eu\/wp-content\/uploads\/2021\/11\/1-300x225.jpeg\" class=\"attachment-medium size-medium\" alt=\"\" srcset=\"https:\/\/style-project.eu\/wp-content\/uploads\/2021\/11\/1-300x225.jpeg 300w, https:\/\/style-project.eu\/wp-content\/uploads\/2021\/11\/1-1024x768.jpeg 1024w, https:\/\/style-project.eu\/wp-content\/uploads\/2021\/11\/1-768x576.jpeg 768w, https:\/\/style-project.eu\/wp-content\/uploads\/2021\/11\/1-1536x1152.jpeg 1536w, https:\/\/style-project.eu\/wp-content\/uploads\/2021\/11\/1.jpeg 1600w\" sizes=\"(max-width: 300px) 100vw, 300px\" \/><\/a>\n\t\t\t<\/div><\/figure><figure class='gallery-item'>\n\t\t\t<div class='gallery-icon landscape'>\n\t\t\t\t<a data-elementor-open-lightbox=\"yes\" data-elementor-lightbox-slideshow=\"26c3e5d1\" data-elementor-lightbox-title=\"2\" data-e-action-hash=\"#elementor-action%3Aaction%3Dlightbox%26settings%3DeyJpZCI6ODk3LCJ1cmwiOiJodHRwczpcL1wvc3R5bGUtcHJvamVjdC5ldVwvd3AtY29udGVudFwvdXBsb2Fkc1wvMjAyMVwvMTFcLzIuanBlZyIsInNsaWRlc2hvdyI6IjI2YzNlNWQxIn0%3D\" href='https:\/\/style-project.eu\/wp-content\/uploads\/2021\/11\/2.jpeg'><img loading=\"lazy\" decoding=\"async\" width=\"300\" height=\"225\" src=\"https:\/\/style-project.eu\/wp-content\/uploads\/2021\/11\/2-300x225.jpeg\" class=\"attachment-medium size-medium\" alt=\"\" srcset=\"https:\/\/style-project.eu\/wp-content\/uploads\/2021\/11\/2-300x225.jpeg 300w, https:\/\/style-project.eu\/wp-content\/uploads\/2021\/11\/2-1024x768.jpeg 1024w, https:\/\/style-project.eu\/wp-content\/uploads\/2021\/11\/2-768x576.jpeg 768w, https:\/\/style-project.eu\/wp-content\/uploads\/2021\/11\/2-1536x1152.jpeg 1536w, https:\/\/style-project.eu\/wp-content\/uploads\/2021\/11\/2.jpeg 1600w\" sizes=\"(max-width: 300px) 100vw, 300px\" \/><\/a>\n\t\t\t<\/div><\/figure><figure class='gallery-item'>\n\t\t\t<div class='gallery-icon landscape'>\n\t\t\t\t<a data-elementor-open-lightbox=\"yes\" data-elementor-lightbox-slideshow=\"26c3e5d1\" data-elementor-lightbox-title=\"3\" data-e-action-hash=\"#elementor-action%3Aaction%3Dlightbox%26settings%3DeyJpZCI6ODk4LCJ1cmwiOiJodHRwczpcL1wvc3R5bGUtcHJvamVjdC5ldVwvd3AtY29udGVudFwvdXBsb2Fkc1wvMjAyMVwvMTFcLzMuanBlZyIsInNsaWRlc2hvdyI6IjI2YzNlNWQxIn0%3D\" href='https:\/\/style-project.eu\/wp-content\/uploads\/2021\/11\/3.jpeg'><img loading=\"lazy\" decoding=\"async\" width=\"300\" height=\"225\" src=\"https:\/\/style-project.eu\/wp-content\/uploads\/2021\/11\/3-300x225.jpeg\" class=\"attachment-medium size-medium\" alt=\"\" srcset=\"https:\/\/style-project.eu\/wp-content\/uploads\/2021\/11\/3-300x225.jpeg 300w, https:\/\/style-project.eu\/wp-content\/uploads\/2021\/11\/3-1024x768.jpeg 1024w, https:\/\/style-project.eu\/wp-content\/uploads\/2021\/11\/3-768x576.jpeg 768w, https:\/\/style-project.eu\/wp-content\/uploads\/2021\/11\/3-1536x1152.jpeg 1536w, https:\/\/style-project.eu\/wp-content\/uploads\/2021\/11\/3.jpeg 1600w\" sizes=\"(max-width: 300px) 100vw, 300px\" \/><\/a>\n\t\t\t<\/div><\/figure><figure class='gallery-item'>\n\t\t\t<div class='gallery-icon landscape'>\n\t\t\t\t<a data-elementor-open-lightbox=\"yes\" data-elementor-lightbox-slideshow=\"26c3e5d1\" data-elementor-lightbox-title=\"4\" data-e-action-hash=\"#elementor-action%3Aaction%3Dlightbox%26settings%3DeyJpZCI6ODk5LCJ1cmwiOiJodHRwczpcL1wvc3R5bGUtcHJvamVjdC5ldVwvd3AtY29udGVudFwvdXBsb2Fkc1wvMjAyMVwvMTFcLzQuanBlZyIsInNsaWRlc2hvdyI6IjI2YzNlNWQxIn0%3D\" href='https:\/\/style-project.eu\/wp-content\/uploads\/2021\/11\/4.jpeg'><img loading=\"lazy\" decoding=\"async\" width=\"300\" height=\"225\" src=\"https:\/\/style-project.eu\/wp-content\/uploads\/2021\/11\/4-300x225.jpeg\" class=\"attachment-medium size-medium\" alt=\"\" srcset=\"https:\/\/style-project.eu\/wp-content\/uploads\/2021\/11\/4-300x225.jpeg 300w, https:\/\/style-project.eu\/wp-content\/uploads\/2021\/11\/4-1024x768.jpeg 1024w, https:\/\/style-project.eu\/wp-content\/uploads\/2021\/11\/4-768x576.jpeg 768w, https:\/\/style-project.eu\/wp-content\/uploads\/2021\/11\/4-1536x1152.jpeg 1536w, https:\/\/style-project.eu\/wp-content\/uploads\/2021\/11\/4.jpeg 1600w\" sizes=\"(max-width: 300px) 100vw, 300px\" \/><\/a>\n\t\t\t<\/div><\/figure><figure class='gallery-item'>\n\t\t\t<div class='gallery-icon landscape'>\n\t\t\t\t<a data-elementor-open-lightbox=\"yes\" data-elementor-lightbox-slideshow=\"26c3e5d1\" data-elementor-lightbox-title=\"6\" data-e-action-hash=\"#elementor-action%3Aaction%3Dlightbox%26settings%3DeyJpZCI6OTAxLCJ1cmwiOiJodHRwczpcL1wvc3R5bGUtcHJvamVjdC5ldVwvd3AtY29udGVudFwvdXBsb2Fkc1wvMjAyMVwvMTFcLzYuanBlZyIsInNsaWRlc2hvdyI6IjI2YzNlNWQxIn0%3D\" href='https:\/\/style-project.eu\/wp-content\/uploads\/2021\/11\/6.jpeg'><img loading=\"lazy\" decoding=\"async\" width=\"300\" height=\"225\" src=\"https:\/\/style-project.eu\/wp-content\/uploads\/2021\/11\/6-300x225.jpeg\" class=\"attachment-medium size-medium\" alt=\"\" srcset=\"https:\/\/style-project.eu\/wp-content\/uploads\/2021\/11\/6-300x225.jpeg 300w, https:\/\/style-project.eu\/wp-content\/uploads\/2021\/11\/6-1024x768.jpeg 1024w, https:\/\/style-project.eu\/wp-content\/uploads\/2021\/11\/6-768x576.jpeg 768w, https:\/\/style-project.eu\/wp-content\/uploads\/2021\/11\/6-1536x1152.jpeg 1536w, https:\/\/style-project.eu\/wp-content\/uploads\/2021\/11\/6.jpeg 1600w\" sizes=\"(max-width: 300px) 100vw, 300px\" \/><\/a>\n\t\t\t<\/div><\/figure><figure class='gallery-item'>\n\t\t\t<div class='gallery-icon landscape'>\n\t\t\t\t<a data-elementor-open-lightbox=\"yes\" data-elementor-lightbox-slideshow=\"26c3e5d1\" data-elementor-lightbox-title=\"11\" data-e-action-hash=\"#elementor-action%3Aaction%3Dlightbox%26settings%3DeyJpZCI6OTAzLCJ1cmwiOiJodHRwczpcL1wvc3R5bGUtcHJvamVjdC5ldVwvd3AtY29udGVudFwvdXBsb2Fkc1wvMjAyMVwvMTFcLzExLTIucG5nIiwic2xpZGVzaG93IjoiMjZjM2U1ZDEifQ%3D%3D\" href='https:\/\/style-project.eu\/wp-content\/uploads\/2021\/11\/11-2.png'><img loading=\"lazy\" decoding=\"async\" width=\"300\" height=\"225\" src=\"https:\/\/style-project.eu\/wp-content\/uploads\/2021\/11\/11-2-300x225.png\" class=\"attachment-medium size-medium\" alt=\"\" srcset=\"https:\/\/style-project.eu\/wp-content\/uploads\/2021\/11\/11-2-300x225.png 300w, https:\/\/style-project.eu\/wp-content\/uploads\/2021\/11\/11-2-1024x768.png 1024w, https:\/\/style-project.eu\/wp-content\/uploads\/2021\/11\/11-2-768x576.png 768w, https:\/\/style-project.eu\/wp-content\/uploads\/2021\/11\/11-2-1536x1152.png 1536w, https:\/\/style-project.eu\/wp-content\/uploads\/2021\/11\/11-2.png 1600w\" sizes=\"(max-width: 300px) 100vw, 300px\" \/><\/a>\n\t\t\t<\/div><\/figure>\n\t\t<\/div>\n\t\t<\/div>\n\t\t\t\t\t\t<\/div>\n\t\t\t\t<\/div>\n\t\t\t\t\t<\/div>\n\t\t<\/div>\n\t\t\t\t\t<\/div>\n\t\t<\/section>\n\t\t\t\t<section class=\"elementor-section elementor-top-section elementor-element elementor-element-ff20352 elementor-section-boxed elementor-section-height-default elementor-section-height-default\" data-id=\"ff20352\" data-element_type=\"section\">\n\t\t\t\t\t\t<div class=\"elementor-container elementor-column-gap-default\">\n\t\t\t\t\t<div class=\"elementor-column elementor-col-100 elementor-top-column elementor-element elementor-element-fd05da4\" data-id=\"fd05da4\" data-element_type=\"column\">\n\t\t\t<div class=\"elementor-widget-wrap elementor-element-populated\">\n\t\t\t\t\t\t<div class=\"elementor-element elementor-element-f12b61e elementor-widget elementor-widget-spacer\" data-id=\"f12b61e\" data-element_type=\"widget\" data-widget_type=\"spacer.default\">\n\t\t\t\t<div class=\"elementor-widget-container\">\n\t\t\t\t\t\t\t<div class=\"elementor-spacer\">\n\t\t\t<div class=\"elementor-spacer-inner\"><\/div>\n\t\t<\/div>\n\t\t\t\t\t\t<\/div>\n\t\t\t\t<\/div>\n\t\t\t\t\t<\/div>\n\t\t<\/div>\n\t\t\t\t\t<\/div>\n\t\t<\/section>\n\t\t\t\t<section class=\"elementor-section elementor-top-section elementor-element elementor-element-3153c53 elementor-section-boxed elementor-section-height-default elementor-section-height-default\" data-id=\"3153c53\" data-element_type=\"section\">\n\t\t\t\t\t\t<div class=\"elementor-container elementor-column-gap-default\">\n\t\t\t\t\t<div class=\"elementor-column elementor-col-100 elementor-top-column elementor-element elementor-element-3b8e3db\" data-id=\"3b8e3db\" data-element_type=\"column\">\n\t\t\t<div class=\"elementor-widget-wrap elementor-element-populated\">\n\t\t\t\t\t\t<div class=\"elementor-element elementor-element-6110aad elementor-widget elementor-widget-image\" data-id=\"6110aad\" data-element_type=\"widget\" data-widget_type=\"image.default\">\n\t\t\t\t<div class=\"elementor-widget-container\">\n\t\t\t\t\t\t\t\t\t\t\t\t\t\t\t<img loading=\"lazy\" decoding=\"async\" width=\"1024\" height=\"43\" src=\"https:\/\/style-project.eu\/wp-content\/uploads\/2021\/11\/11-1-1024x43.png\" class=\"attachment-large size-large wp-image-880\" alt=\"\" srcset=\"https:\/\/style-project.eu\/wp-content\/uploads\/2021\/11\/11-1-1024x43.png 1024w, https:\/\/style-project.eu\/wp-content\/uploads\/2021\/11\/11-1-300x13.png 300w, https:\/\/style-project.eu\/wp-content\/uploads\/2021\/11\/11-1-768x32.png 768w, https:\/\/style-project.eu\/wp-content\/uploads\/2021\/11\/11-1-1536x64.png 1536w, https:\/\/style-project.eu\/wp-content\/uploads\/2021\/11\/11-1-2048x85.png 2048w\" sizes=\"(max-width: 1024px) 100vw, 1024px\" \/>\t\t\t\t\t\t\t\t\t\t\t\t\t\t\t<\/div>\n\t\t\t\t<\/div>\n\t\t\t\t\t<\/div>\n\t\t<\/div>\n\t\t\t\t\t<\/div>\n\t\t<\/section>\n\t\t\t\t<\/div>\n\t\t","protected":false},"excerpt":{"rendered":"<p>Media Gallery STYLE &#8211; Sport Tradition Youth Linked Elderly Erasmus+ Sport project &#8216;s Kick-off Meeting in Bucharest, Romania to discuss and work on the progress of the project&#8217;s activities.A big thank you to the Coordinator Association for Social Economy and Lifelong Learning &#8211; ASEL RO for hosting this fruitful meeting!Stay tuned for further implementation steps [&hellip;]<\/p>\n","protected":false},"author":1,"featured_media":0,"parent":0,"menu_order":0,"comment_status":"closed","ping_status":"closed","template":"","meta":{"site-sidebar-layout":"no-sidebar","site-content-layout":"page-builder","ast-site-content-layout":"default","site-content-style":"default","site-sidebar-style":"default","ast-global-header-display":"","ast-banner-title-visibility":"","ast-main-header-display":"","ast-hfb-above-header-display":"","ast-hfb-below-header-display":"","ast-hfb-mobile-header-display":"","site-post-title":"disabled","ast-breadcrumbs-content":"","ast-featured-img":"disabled","footer-sml-layout":"","ast-disable-related-posts":"","theme-transparent-header-meta":"default","adv-header-id-meta":"","stick-header-meta":"","header-above-stick-meta":"","header-main-stick-meta":"","header-below-stick-meta":"","astra-migrate-meta-layouts":"default","ast-page-background-enabled":"default","ast-page-background-meta":{"desktop":{"background-color":"","background-image":"","background-repeat":"repeat","background-position":"center center","background-size":"auto","background-attachment":"scroll","background-type":"","background-media":"","overlay-type":"","overlay-color":"","overlay-opacity":"","overlay-gradient":""},"tablet":{"background-color":"","background-image":"","background-repeat":"repeat","background-position":"center center","background-size":"auto","background-attachment":"scroll","background-type":"","background-media":"","overlay-type":"","overlay-color":"","overlay-opacity":"","overlay-gradient":""},"mobile":{"background-color":"","background-image":"","background-repeat":"repeat","background-position":"center center","background-size":"auto","background-attachment":"scroll","background-type":"","background-media":"","overlay-type":"","overlay-color":"","overlay-opacity":"","overlay-gradient":""}},"ast-content-background-meta":{"desktop":{"background-color":"var(--ast-global-color-5)","background-image":"","background-repeat":"repeat","background-position":"center center","background-size":"auto","background-attachment":"scroll","background-type":"","background-media":"","overlay-type":"","overlay-color":"","overlay-opacity":"","overlay-gradient":""},"tablet":{"background-color":"var(--ast-global-color-5)","background-image":"","background-repeat":"repeat","background-position":"center center","background-size":"auto","background-attachment":"scroll","background-type":"","background-media":"","overlay-type":"","overlay-color":"","overlay-opacity":"","overlay-gradient":""},"mobile":{"background-color":"var(--ast-global-color-5)","background-image":"","background-repeat":"repeat","background-position":"center center","background-size":"auto","background-attachment":"scroll","background-type":"","background-media":"","overlay-type":"","overlay-color":"","overlay-opacity":"","overlay-gradient":""}},"footnotes":""},"_links":{"self":[{"href":"https:\/\/style-project.eu\/index.php\/wp-json\/wp\/v2\/pages\/834"}],"collection":[{"href":"https:\/\/style-project.eu\/index.php\/wp-json\/wp\/v2\/pages"}],"about":[{"href":"https:\/\/style-project.eu\/index.php\/wp-json\/wp\/v2\/types\/page"}],"author":[{"embeddable":true,"href":"https:\/\/style-project.eu\/index.php\/wp-json\/wp\/v2\/users\/1"}],"replies":[{"embeddable":true,"href":"https:\/\/style-project.eu\/index.php\/wp-json\/wp\/v2\/comments?post=834"}],"version-history":[{"count":28,"href":"https:\/\/style-project.eu\/index.php\/wp-json\/wp\/v2\/pages\/834\/revisions"}],"predecessor-version":[{"id":909,"href":"https:\/\/style-project.eu\/index.php\/wp-json\/wp\/v2\/pages\/834\/revisions\/909"}],"wp:attachment":[{"href":"https:\/\/style-project.eu\/index.php\/wp-json\/wp\/v2\/media?parent=834"}],"curies":[{"name":"wp","href":"https:\/\/api.w.org\/{rel}","templated":true}]}}